{"id":106,"date":"2020-05-04T02:43:25","date_gmt":"2020-05-04T02:43:25","guid":{"rendered":"http:\/\/www.imfe.mx\/inicio\/?page_id=106"},"modified":"2020-05-20T23:48:24","modified_gmt":"2020-05-20T23:48:24","slug":"mision-y-vision","status":"publish","type":"page","link":"http:\/\/www.imfe.mx\/inicio\/mision-y-vision\/","title":{"rendered":"Misi\u00f3n y Visi\u00f3n"},"content":{"rendered":"\n<p><strong>Nuestra Misi\u00f3n<\/strong><\/p>\n\n\n\n<p>Formar personas con una excelente preparaci\u00f3n profesional, responsabilidad, \u00e9tica, compromiso social, que sean l\u00edderes tanto en el sector p\u00fablico o privado contribuyendo as\u00ed al desarrollo econ\u00f3mico y social de la naci\u00f3n.<\/p>\n\n\n\n<p><\/p>\n\n\n\n<p><strong>Nuestra Visi\u00f3n<\/strong><\/p>\n\n\n\n<p>La visi\u00f3n del instituto consiste en proyectarlo como una instituci\u00f3n de prestigio a nivel nacional, buscando nexos internacionales con otras instituciones. Actualizando constantemente sus programas de estudios, contar con un claustro docente con experiencia nacional e internacional.<br>Ingresar al programa nacional de Posgrados de Calidad (PNPC) del Consejo Nacional de Ciencia y Tecnolog\u00eda (CONACYT).<\/p>\n\n\n\n<hr class=\"wp-block-separator is-style-wide\"\/>\n\n\n\n<h3 class=\"has-virtue-primary-color has-text-color has-text-align-center wp-block-heading\"><strong>Cambia tu vida, Cambia tu historia, se parte del IMFE<\/strong><\/h3>\n","protected":false},"excerpt":{"rendered":"<p>Nuestra Misi\u00f3n Formar personas con una excelente preparaci\u00f3n profesional, responsabilidad, \u00e9tica, compromiso social, que sean l\u00edderes tanto en el sector p\u00fablico o privado contribuyendo as\u00ed al desarrollo econ\u00f3mico y social de la naci\u00f3n. Nuestra Visi\u00f3n La visi\u00f3n del instituto consiste &hellip; <a href=\"http:\/\/www.imfe.mx\/inicio\/mision-y-vision\/\">Continuar<\/a><\/p>\n","protected":false},"author":1,"featured_media":0,"parent":0,"menu_order":0,"comment_status":"closed","ping_status":"closed","template":"","meta":{"kt_blocks_editor_width":"","footnotes":""},"class_list":["post-106","page","type-page","status-publish","hentry"],"_links":{"self":[{"href":"http:\/\/www.imfe.mx\/inicio\/wp-json\/wp\/v2\/pages\/106","targetHints":{"allow":["GET"]}}],"collection":[{"href":"http:\/\/www.imfe.mx\/inicio\/wp-json\/wp\/v2\/pages"}],"about":[{"href":"http:\/\/www.imfe.mx\/inicio\/wp-json\/wp\/v2\/types\/page"}],"author":[{"embeddable":true,"href":"http:\/\/www.imfe.mx\/inicio\/wp-json\/wp\/v2\/users\/1"}],"replies":[{"embeddable":true,"href":"http:\/\/www.imfe.mx\/inicio\/wp-json\/wp\/v2\/comments?post=106"}],"version-history":[{"count":3,"href":"http:\/\/www.imfe.mx\/inicio\/wp-json\/wp\/v2\/pages\/106\/revisions"}],"predecessor-version":[{"id":280,"href":"http:\/\/www.imfe.mx\/inicio\/wp-json\/wp\/v2\/pages\/106\/revisions\/280"}],"wp:attachment":[{"href":"http:\/\/www.imfe.mx\/inicio\/wp-json\/wp\/v2\/media?parent=106"}],"curies":[{"name":"wp","href":"https:\/\/api.w.org\/{rel}","templated":true}]}}