{"id":137,"date":"2020-05-04T04:51:36","date_gmt":"2020-05-04T04:51:36","guid":{"rendered":"http:\/\/www.imfe.mx\/inicio\/?page_id=137"},"modified":"2024-01-14T04:30:42","modified_gmt":"2024-01-14T04:30:42","slug":"maestria-en-educacion","status":"publish","type":"page","link":"http:\/\/www.imfe.mx\/inicio\/maestria-en-educacion\/","title":{"rendered":"Plan Curricular de la Maestr\u00eda en Educaci\u00f3n"},"content":{"rendered":"\n<hr class=\"wp-block-separator has-css-opacity is-style-wide\"\/>\n\n\n\n<p class=\"has-text-align-center\"><strong>Plan Curricular<\/strong> <strong>de la Maestr\u00eda en Educaci\u00f3n<\/strong><\/p>\n\n\n\n<div class=\"wp-block-columns is-layout-flex wp-container-core-columns-is-layout-9d6595d7 wp-block-columns-is-layout-flex\">\n<div class=\"wp-block-column is-vertically-aligned-center is-layout-flow wp-block-column-is-layout-flow\">\n<pre class=\"wp-block-verse\"><strong>ASIGNATURAS OBLIGATORIAS<\/strong>\n- Did\u00e1ctica general.\n- Tecnolog\u00eda educativa.\n- Filosof\u00eda en educaci\u00f3n.\n- Teor\u00eda pedag\u00f3gica.\n- Liderazgo y comportamiento organizacional.\n- Dise\u00f1o y desarrollo curricular.\n- Seminario de investigaci\u00f3n.\n- Psicolog\u00eda educativa.<\/pre>\n<\/div>\n\n\n\n<div class=\"wp-block-column is-layout-flow wp-block-column-is-layout-flow\">\n<pre class=\"wp-block-verse\"><strong>EDUCACI\u00d3N BASADA EN COMPETENCIAS <\/strong>\n- Ambientes de aprendizaje para la formaci\u00f3n de competencias. \n- Dise\u00f1o de cursos para la formaci\u00f3n de competencias. \n- Evaluaci\u00f3n de competencias. \n- Dise\u00f1o de estrategias para la formaci\u00f3n de competencias.<\/pre>\n\n\n\n<pre class=\"wp-block-verse\"><strong>TECNOLOG\u00cdAS APLICADAS A LA EDUCACI\u00d3N<\/strong>\n- Tecnolog\u00edas aplicadas a la educaci\u00f3n.\n- Dise\u00f1o y desarrollo de multimedia educativo.\n- Metodolog\u00eda, dise\u00f1o y administraci\u00f3n de educaci\u00f3n a distancia.\n- Rob\u00f3tica educativa.<\/pre>\n\n\n\n<pre class=\"wp-block-verse\"><strong>FORMACI\u00d3N DOCENTE<\/strong>\n- Evaluaci\u00f3n del aprendizaje docente.\n- Modelos de ense\u00f1anza.\n- Motivaci\u00f3n en el proceso ense\u00f1anza - aprendizaje.\n- Formulaci\u00f3n y evaluaci\u00f3n de proyectos educativos.<\/pre>\n<\/div>\n<\/div>\n","protected":false},"excerpt":{"rendered":"<p>Plan Curricular de la Maestr\u00eda en Educaci\u00f3n ASIGNATURAS OBLIGATORIAS &#8211; Did\u00e1ctica general. &#8211; Tecnolog\u00eda educativa. &#8211; Filosof\u00eda en educaci\u00f3n. &#8211; Teor\u00eda pedag\u00f3gica. &#8211; Liderazgo y comportamiento organizacional. &#8211; Dise\u00f1o y desarrollo curricular. &#8211; Seminario de investigaci\u00f3n. &#8211; Psicolog\u00eda educativa. EDUCACI\u00d3N &hellip; <a href=\"http:\/\/www.imfe.mx\/inicio\/maestria-en-educacion\/\">Continuar<\/a><\/p>\n","protected":false},"author":1,"featured_media":0,"parent":0,"menu_order":0,"comment_status":"closed","ping_status":"closed","template":"","meta":{"kt_blocks_editor_width":"","footnotes":""},"class_list":["post-137","page","type-page","status-publish","hentry"],"_links":{"self":[{"href":"http:\/\/www.imfe.mx\/inicio\/wp-json\/wp\/v2\/pages\/137","targetHints":{"allow":["GET"]}}],"collection":[{"href":"http:\/\/www.imfe.mx\/inicio\/wp-json\/wp\/v2\/pages"}],"about":[{"href":"http:\/\/www.imfe.mx\/inicio\/wp-json\/wp\/v2\/types\/page"}],"author":[{"embeddable":true,"href":"http:\/\/www.imfe.mx\/inicio\/wp-json\/wp\/v2\/users\/1"}],"replies":[{"embeddable":true,"href":"http:\/\/www.imfe.mx\/inicio\/wp-json\/wp\/v2\/comments?post=137"}],"version-history":[{"count":9,"href":"http:\/\/www.imfe.mx\/inicio\/wp-json\/wp\/v2\/pages\/137\/revisions"}],"predecessor-version":[{"id":576,"href":"http:\/\/www.imfe.mx\/inicio\/wp-json\/wp\/v2\/pages\/137\/revisions\/576"}],"wp:attachment":[{"href":"http:\/\/www.imfe.mx\/inicio\/wp-json\/wp\/v2\/media?parent=137"}],"curies":[{"name":"wp","href":"https:\/\/api.w.org\/{rel}","templated":true}]}}