{"id":31,"date":"2020-05-03T23:13:22","date_gmt":"2020-05-03T23:13:22","guid":{"rendered":"http:\/\/www.imfe.mx\/inicio\/?page_id=31"},"modified":"2024-01-14T03:40:47","modified_gmt":"2024-01-14T03:40:47","slug":"compromiso","status":"publish","type":"page","link":"http:\/\/www.imfe.mx\/inicio\/","title":{"rendered":"COMPROMISO"},"content":{"rendered":"\n<div class=\"wp-block-group\"><div class=\"wp-block-group__inner-container is-layout-flow wp-block-group-is-layout-flow\">\n<p><strong>Nuestro Compromiso<\/strong><\/p>\n\n\n\n<div class=\"wp-block-group\"><div class=\"wp-block-group__inner-container is-layout-flow wp-block-group-is-layout-flow\">\n<pre class=\"wp-block-verse has-text-align-left\">En el IMFE sabemos que lo m\u00e1s importante es tu educaci\u00f3n, estamos listos para asesorarte con la elecci\u00f3n de tu Maestr\u00eda o Doctorado, nuestros estudiantes adquieren siempre conocimientos de vanguardia y los preparamos para ser l\u00edderes tanto en el sector p\u00fablico como en el privado.<\/pre>\n<\/div><\/div>\n<\/div><\/div>\n\n\n\n\n\n<pre class=\"wp-block-verse\">La excelencia y la integridad es nuestra meta, tenemos alianzas con las empresas m\u00e1s importantes del sector educativo, tecnol\u00f3gico y empresarial.<\/pre>\n\n\n\n<div class=\"wp-block-columns is-layout-flex wp-container-core-columns-is-layout-9d6595d7 wp-block-columns-is-layout-flex\">\n<div class=\"wp-block-column is-layout-flow wp-block-column-is-layout-flow\" style=\"flex-basis:66.66%\">\n<style>\n    .google-maps {\n    position: relative;\n    padding-bottom: 75%; \/\/ This is the aspect ratio\n    height: 0;\n    overflow: hidden;\n    }\n    .google-maps iframe {\n    position: absolute;\n    top: 0;\n    left: 0;\n    width: 100% !important;\n    height: 100% !important;\n    }\n    <\/style>\n\n    <div class=\"google-maps\">\n    <iframe loading=\"lazy\" src=\"https:\/\/www.google.com\/maps\/embed?pb=!1m18!1m12!1m3!1d3643.9060098010123!2d-104.65784878501319!3d24.034379384450148!2m3!1f0!2f0!3f0!3m2!1i1024!2i768!4f13.1!3m3!1m2!1s0x0%3A0xd4a2899bd9bd16c0!2sInstituto%20Mexicano%20de%20Formaci%C3%B3n%20Ejecutiva!5e0!3m2!1ses-419!2smx!4v1588555281609!5m2!1ses-419!2smx\" style=\"border:0;\" allowfullscreen=\"\" aria-hidden=\"false\" tabindex=\"0\" width=\"500\" height=\"250\" frameborder=\"0\"><\/iframe>\n    <\/div>\n<\/div>\n\n\n\n<div class=\"wp-block-column is-vertically-aligned-center is-layout-flow wp-block-column-is-layout-flow\" style=\"flex-basis:33.33%\">\n<p class=\"has-text-align-center\"><strong>Vis\u00edtanos<\/strong><\/p>\n\n\n\n<pre class=\"wp-block-preformatted wp-block-verse has-text-align-justify\">Calle Lic. Alberto Terrones 455, F\u00e1tima, 34060 Durango, Dgo.\n\nTel. (618) 129-7070, 129-7071\n\nWhatsApp. 618-112-94-84\n\n<em>relacionespublicas@imfe.mx<\/em>\n\n<strong>Horario de atenci\u00f3n:<\/strong>\n\n* lunes a viernes 9:00 a 14:00     y de 15:00 a 18:00\n\n* s\u00e1bado de 8:00 a 16:00 <\/pre>\n\n\n\n<p><\/p>\n<\/div>\n<\/div>\n\n\n\n<p><\/p>\n","protected":false},"excerpt":{"rendered":"<p>Nuestro Compromiso En el IMFE sabemos que lo m\u00e1s importante es tu educaci\u00f3n, estamos listos para asesorarte con la elecci\u00f3n de tu Maestr\u00eda o Doctorado, nuestros estudiantes adquieren siempre conocimientos de vanguardia y los preparamos para ser l\u00edderes tanto en &hellip; <a href=\"http:\/\/www.imfe.mx\/inicio\/\">Continuar<\/a><\/p>\n","protected":false},"author":1,"featured_media":0,"parent":0,"menu_order":0,"comment_status":"closed","ping_status":"closed","template":"","meta":{"kt_blocks_editor_width":"","footnotes":""},"class_list":["post-31","page","type-page","status-publish","hentry"],"_links":{"self":[{"href":"http:\/\/www.imfe.mx\/inicio\/wp-json\/wp\/v2\/pages\/31","targetHints":{"allow":["GET"]}}],"collection":[{"href":"http:\/\/www.imfe.mx\/inicio\/wp-json\/wp\/v2\/pages"}],"about":[{"href":"http:\/\/www.imfe.mx\/inicio\/wp-json\/wp\/v2\/types\/page"}],"author":[{"embeddable":true,"href":"http:\/\/www.imfe.mx\/inicio\/wp-json\/wp\/v2\/users\/1"}],"replies":[{"embeddable":true,"href":"http:\/\/www.imfe.mx\/inicio\/wp-json\/wp\/v2\/comments?post=31"}],"version-history":[{"count":73,"href":"http:\/\/www.imfe.mx\/inicio\/wp-json\/wp\/v2\/pages\/31\/revisions"}],"predecessor-version":[{"id":556,"href":"http:\/\/www.imfe.mx\/inicio\/wp-json\/wp\/v2\/pages\/31\/revisions\/556"}],"wp:attachment":[{"href":"http:\/\/www.imfe.mx\/inicio\/wp-json\/wp\/v2\/media?parent=31"}],"curies":[{"name":"wp","href":"https:\/\/api.w.org\/{rel}","templated":true}]}}